{"id":209,"date":"2021-09-16T05:22:39","date_gmt":"2021-09-16T05:22:39","guid":{"rendered":"https:\/\/www.devsnews.com\/wp\/educal\/?page_id=209"},"modified":"2026-04-22T15:58:57","modified_gmt":"2026-04-22T15:58:57","slug":"elearning-academia-overgenius","status":"publish","type":"page","link":"https:\/\/campusazucarero.overgenius.com\/en\/","title":{"rendered":"Campus Azucarero"},"content":{"rendered":"<div data-elementor-type=\"wp-page\" data-elementor-id=\"209\" class=\"elementor elementor-209\" data-elementor-post-type=\"page\">\n\t\t\t\t\t\t<header data-particle_enable=\"false\" data-particle-mobile-disabled=\"false\" class=\"elementor-section elementor-top-section elementor-element elementor-element-7d491549 elementor-section-height-min-height elementor-section-boxed elementor-section-height-default elementor-section-items-middle\" data-id=\"7d491549\" data-element_type=\"section\" data-e-type=\"section\" data-settings=\"{&quot;background_background&quot;:&quot;classic&quot;,&quot;shape_divider_bottom&quot;:&quot;arrow&quot;,&quot;shape_divider_bottom_negative&quot;:&quot;yes&quot;}\">\n\t\t\t\t\t\t\t<div class=\"elementor-background-overlay\"><\/div>\n\t\t\t\t\t\t<div class=\"elementor-shape elementor-shape-bottom\" aria-hidden=\"true\" data-negative=\"true\">\n\t\t\t<svg xmlns=\"http:\/\/www.w3.org\/2000\/svg\" viewbox=\"0 0 700 10\" preserveaspectratio=\"none\">\n\t<path class=\"elementor-shape-fill\" d=\"M360 0L350 9.9 340 0 0 0 0 10 700 10 700 0\"\/>\n<\/svg>\t\t<\/div>\n\t\t\t\t\t<div class=\"elementor-container elementor-column-gap-extended\">\n\t\t\t\t\t<div class=\"elementor-column elementor-col-100 elementor-top-column elementor-element elementor-element-5e12c200\" data-id=\"5e12c200\" data-element_type=\"column\" data-e-type=\"column\">\n\t\t\t<div class=\"elementor-widget-wrap elementor-element-populated\">\n\t\t\t\t\t\t<div class=\"elementor-element elementor-element-1e538da4 elementor-invisible elementor-widget elementor-widget-text-editor\" data-id=\"1e538da4\" data-element_type=\"widget\" data-e-type=\"widget\" data-settings=\"{&quot;_animation&quot;:&quot;fadeInDown&quot;}\" data-widget_type=\"text-editor.default\">\n\t\t\t\t\t\t\t\t\t<p>Cuando una persona aprende, una comunidad entera crece<\/p>\t\t\t\t\t\t\t\t<\/div>\n\t\t\t\t<div class=\"elementor-element elementor-element-280f6b5f elementor-invisible elementor-widget elementor-widget-heading\" data-id=\"280f6b5f\" data-element_type=\"widget\" data-e-type=\"widget\" data-settings=\"{&quot;_animation&quot;:&quot;fadeInUp&quot;}\" data-widget_type=\"heading.default\">\n\t\t\t\t\t<h1 class=\"elementor-heading-title elementor-size-default\">CAMPUS<\/h1>\t\t\t\t<\/div>\n\t\t\t\t<div class=\"elementor-element elementor-element-44478119 elementor-invisible elementor-widget elementor-widget-heading\" data-id=\"44478119\" data-element_type=\"widget\" data-e-type=\"widget\" data-settings=\"{&quot;_animation&quot;:&quot;fadeInUp&quot;}\" data-widget_type=\"heading.default\">\n\t\t\t\t\t<h1 class=\"elementor-heading-title elementor-size-default\">Azucarero<\/h1>\t\t\t\t<\/div>\n\t\t\t\t<div class=\"elementor-element elementor-element-5ff9fbf6 elementor-hidden-phone elementor-widget elementor-widget-text-editor\" data-id=\"5ff9fbf6\" data-element_type=\"widget\" data-e-type=\"widget\" data-widget_type=\"text-editor.default\">\n\t\t\t\t\t\t\t\t\t<p>Generamos oportunidades reales de crecimiento y promover\u00a0 entornos m\u00e1s seguros y productivos.<\/p>\t\t\t\t\t\t\t\t<\/div>\n\t\t\t\t<div class=\"elementor-element elementor-element-1ca6b948 elementor-align-left elementor-mobile-align-center elementor-widget elementor-widget-button\" data-id=\"1ca6b948\" data-element_type=\"widget\" data-e-type=\"widget\" data-widget_type=\"button.default\">\n\t\t\t\t\t\t\t\t\t\t<a class=\"elementor-button elementor-button-link elementor-size-sm elementor-animation-sink\" href=\"#rutas\">\n\t\t\t\t\t\t<span class=\"elementor-button-content-wrapper\">\n\t\t\t\t\t\t\t\t\t<span class=\"elementor-button-text\">Elige el curso que deseas aprender<\/span>\n\t\t\t\t\t<\/span>\n\t\t\t\t\t<\/a>\n\t\t\t\t\t\t\t\t<\/div>\n\t\t\t\t\t<\/div>\n\t\t<\/div>\n\t\t\t\t\t<\/div>\n\t\t<\/header>\n\t\t<section data-particle_enable=\"false\" data-particle-mobile-disabled=\"false\" class=\"elementor-element elementor-element-2564b0d e-flex e-con-boxed e-con e-parent\" data-id=\"2564b0d\" data-element_type=\"container\" data-e-type=\"container\" data-settings=\"{&quot;background_background&quot;:&quot;classic&quot;}\">\n\t\t\t\t\t<div class=\"e-con-inner\">\n\t\t<div data-particle_enable=\"false\" data-particle-mobile-disabled=\"false\" class=\"elementor-element elementor-element-698fdb2 e-con-full e-flex e-con e-child\" data-id=\"698fdb2\" data-element_type=\"container\" data-e-type=\"container\">\n\t\t<div data-particle_enable=\"false\" data-particle-mobile-disabled=\"false\" class=\"elementor-element elementor-element-0e9cf04 e-con-full e-flex e-con e-child\" data-id=\"0e9cf04\" data-element_type=\"container\" data-e-type=\"container\" data-settings=\"{&quot;background_background&quot;:&quot;classic&quot;}\">\n\t\t\t\t<div class=\"elementor-element elementor-element-47003cc elementor-widget elementor-widget-heading\" data-id=\"47003cc\" data-element_type=\"widget\" data-e-type=\"widget\" data-widget_type=\"heading.default\">\n\t\t\t\t\t<h4 class=\"elementor-heading-title elementor-size-default\">Educaci\u00f3n con impacto real en comunidades y colaboradores<\/h4>\t\t\t\t<\/div>\n\t\t\t\t<div class=\"elementor-element elementor-element-5af20b3 elementor-widget elementor-widget-text-editor\" data-id=\"5af20b3\" data-element_type=\"widget\" data-e-type=\"widget\" data-widget_type=\"text-editor.default\">\n\t\t\t\t\t\t\t\t\t<p style=\"text-align: left;\">Cursos dise\u00f1ados para fortalecer tu crecimiento personal, social y profesional de una forma accesible y escalable.<\/p>\t\t\t\t\t\t\t\t<\/div>\n\t\t\t\t<div class=\"elementor-element elementor-element-0015461 elementor-widget-divider--view-line elementor-widget elementor-widget-divider\" data-id=\"0015461\" data-element_type=\"widget\" data-e-type=\"widget\" data-widget_type=\"divider.default\">\n\t\t\t\t\t\t\t<div class=\"elementor-divider\">\n\t\t\t<span class=\"elementor-divider-separator\">\n\t\t\t\t\t\t<\/span>\n\t\t<\/div>\n\t\t\t\t\t\t<\/div>\n\t\t\t\t<\/div>\n\t\t<div data-particle_enable=\"false\" data-particle-mobile-disabled=\"false\" class=\"elementor-element elementor-element-712f949 e-con-full e-flex e-con e-child\" data-id=\"712f949\" data-element_type=\"container\" data-e-type=\"container\">\n\t\t\t\t<div class=\"elementor-element elementor-element-417dabb elementor-widget elementor-widget-video\" data-id=\"417dabb\" data-element_type=\"widget\" data-e-type=\"widget\" data-settings=\"{&quot;youtube_url&quot;:&quot;https:\\\/\\\/youtu.be\\\/1PgPgzrlxHo?si=vzgv_avrCaxbB7sh&quot;,&quot;show_image_overlay&quot;:&quot;yes&quot;,&quot;image_overlay&quot;:{&quot;url&quot;:&quot;&quot;,&quot;id&quot;:&quot;&quot;,&quot;size&quot;:&quot;&quot;},&quot;video_type&quot;:&quot;youtube&quot;,&quot;controls&quot;:&quot;yes&quot;}\" data-widget_type=\"video.default\">\n\t\t\t\t\t\t\t<div class=\"elementor-wrapper elementor-open-inline\">\n\t\t\t<div class=\"elementor-video\"><\/div>\t\t<\/div>\n\t\t\t\t\t\t<\/div>\n\t\t\t\t<\/div>\n\t\t\t\t<\/div>\n\t\t\t\t\t<\/div>\n\t\t\t\t<\/section>\n\t\t\t\t<section data-particle_enable=\"false\" data-particle-mobile-disabled=\"false\" class=\"elementor-section elementor-top-section elementor-element elementor-element-51f52cf6 elementor-section-content-middle elementor-section-boxed elementor-section-height-default elementor-section-height-default\" data-id=\"51f52cf6\" data-element_type=\"section\" data-e-type=\"section\" data-settings=\"{&quot;background_background&quot;:&quot;classic&quot;}\">\n\t\t\t\t\t\t\t<div class=\"elementor-background-overlay\"><\/div>\n\t\t\t\t\t\t\t<div class=\"elementor-container elementor-column-gap-extended\">\n\t\t\t\t\t<div class=\"elementor-column elementor-col-50 elementor-top-column elementor-element elementor-element-27190de4\" data-id=\"27190de4\" data-element_type=\"column\" data-e-type=\"column\">\n\t\t\t<div class=\"elementor-widget-wrap elementor-element-populated\">\n\t\t\t\t\t\t<div class=\"elementor-element elementor-element-26b7a71d elementor-invisible elementor-widget elementor-widget-text-editor\" data-id=\"26b7a71d\" data-element_type=\"widget\" data-e-type=\"widget\" data-settings=\"{&quot;_animation&quot;:&quot;fadeInDown&quot;}\" data-widget_type=\"text-editor.default\">\n\t\t\t\t\t\t\t\t\t<p>Construyamos juntos comunidades m\u00e1s fuertes<\/p>\t\t\t\t\t\t\t\t<\/div>\n\t\t\t\t<div class=\"elementor-element elementor-element-41d3a260 elementor-invisible elementor-widget elementor-widget-heading\" data-id=\"41d3a260\" data-element_type=\"widget\" data-e-type=\"widget\" data-settings=\"{&quot;_animation&quot;:&quot;fadeInUp&quot;}\" data-widget_type=\"heading.default\">\n\t\t\t\t\t<h2 class=\"elementor-heading-title elementor-size-default\">Formaci\u00f3n gratuita y flexible<\/h2>\t\t\t\t<\/div>\n\t\t\t\t\t<\/div>\n\t\t<\/div>\n\t\t\t\t<div class=\"elementor-column elementor-col-50 elementor-top-column elementor-element elementor-element-490ff17b\" data-id=\"490ff17b\" data-element_type=\"column\" data-e-type=\"column\">\n\t\t\t<div class=\"elementor-widget-wrap elementor-element-populated\">\n\t\t\t\t\t\t<div class=\"elementor-element elementor-element-926fb8f elementor-align-right elementor-mobile-align-center elementor-widget elementor-widget-button\" data-id=\"926fb8f\" data-element_type=\"widget\" data-e-type=\"widget\" data-widget_type=\"button.default\">\n\t\t\t\t\t\t\t\t\t\t<a class=\"elementor-button elementor-button-link elementor-size-sm elementor-animation-sink\" href=\"#rutas\">\n\t\t\t\t\t\t<span class=\"elementor-button-content-wrapper\">\n\t\t\t\t\t\t\t\t\t<span class=\"elementor-button-text\">Elige el curso que deseas aprender<\/span>\n\t\t\t\t\t<\/span>\n\t\t\t\t\t<\/a>\n\t\t\t\t\t\t\t\t<\/div>\n\t\t\t\t\t<\/div>\n\t\t<\/div>\n\t\t\t\t\t<\/div>\n\t\t<\/section>\n\t\t<div data-particle_enable=\"false\" data-particle-mobile-disabled=\"false\" class=\"elementor-element elementor-element-798ede2 e-flex e-con-boxed e-con e-parent\" data-id=\"798ede2\" data-element_type=\"container\" data-e-type=\"container\" id=\"rutas\">\n\t\t\t\t\t<div class=\"e-con-inner\">\n\t\t\t\t<div class=\"elementor-element elementor-element-9ce205e elementor-widget elementor-widget-heading\" data-id=\"9ce205e\" data-element_type=\"widget\" data-e-type=\"widget\" data-widget_type=\"heading.default\">\n\t\t\t\t\t<h4 class=\"elementor-heading-title elementor-size-default\">\u00a1Inicia eligiendo una ruta de aprendizaje! <\/h4>\t\t\t\t<\/div>\n\t\t\t\t<div class=\"elementor-element elementor-element-a9fb8d4 elementor-grid-3 elementor-grid-tablet-2 elementor-grid-mobile-1 elementor-widget elementor-widget-eael-dynamic-filterable-gallery\" data-id=\"a9fb8d4\" data-element_type=\"widget\" data-e-type=\"widget\" data-settings=\"{&quot;show_load_more&quot;:&quot;1&quot;,&quot;eael_fg_columns&quot;:&quot;3&quot;,&quot;eael_fg_columns_tablet&quot;:&quot;2&quot;,&quot;eael_fg_columns_mobile&quot;:&quot;1&quot;}\" data-widget_type=\"eael-dynamic-filterable-gallery.default\">\n\t\t\t\t<div class=\"elementor-widget-container\">\n\t\t\t\t\t<div id=\"eael-filter-gallery-wrapper-a9fb8d4\" class=\"eael-filter-gallery-wrapper\"><div class=\"eael-filter-gallery-control\">\n                    <ul>\n                        <li class=\"control active dynamic-gallery-category\" data-filter=\"*\">Todos<\/li><li class=\"control dynamic-gallery-category\" data-termid=\"124\" data-taxonomy=\"course-category\" data-filter=\".mujeres-de-cana\">Mujeres de Ca\u00f1a<\/li><li class=\"control dynamic-gallery-category\" data-termid=\"125\" data-taxonomy=\"course-category\" data-filter=\".liderazgo-y-desarrollo\">Liderazgo y desarrollo<\/li><li class=\"control dynamic-gallery-category\" data-termid=\"126\" data-taxonomy=\"course-category\" data-filter=\".prevencion-de-violencia\">Prevenci\u00f3n de violencia<\/li><li class=\"control dynamic-gallery-category\" data-termid=\"127\" data-taxonomy=\"course-category\" data-filter=\".capacitacion-tecnica\">Capacitaci\u00f3n t\u00e9cnica<\/li><\/ul>\n                <\/div><div class=\"eael-filter-gallery-container eael-post-appender eael-post-appender-a9fb8d4 masonry eael-cards 3\" data-settings=\"{&quot;item_style&quot;:&quot;eael-cards&quot;,&quot;duration&quot;:500,&quot;layout_mode&quot;:&quot;masonry&quot;}\"><div class=\"dynamic-gallery-item aprendizaje-inclusivo mujeres-de-cana\">\n        <div class=\"dynamic-gallery-item-inner\" data-itemid=\" 14650 \"><a href=\"https:\/\/campusazucarero.overgenius.com\/en\/cursos\/prevencion-de-violencia-y-agresion-sexual-2\/\"><div class=\"dynamic-gallery-thumbnail\"><img decoding=\"async\" data-src=\"https:\/\/campusazucarero.overgenius.com\/wp-content\/uploads\/2026\/03\/no-agresion-sexual.jpg\" alt=\"\" src=\"data:image\/gif;base64,R0lGODlhAQABAAAAACH5BAEKAAEALAAAAAABAAEAAAICTAEAOw==\" class=\"lazyload\" style=\"--smush-placeholder-width: 1042px; --smush-placeholder-aspect-ratio: 1042\/1042;\"><noscript><img decoding=\"async\" src=\"https:\/\/campusazucarero.overgenius.com\/wp-content\/uploads\/2026\/03\/no-agresion-sexual.jpg\" alt=\"\"><\/noscript><\/div><\/a> <div class=\"item-content\"><h2 class=\"title\"><a href=\"https:\/\/campusazucarero.overgenius.com\/en\/cursos\/prevencion-de-violencia-y-agresion-sexual-2\/\">Protected: Prevenci\u00f3n de violencia y agresi\u00f3n sexual<\/a><\/h2><p>There is no excerpt because this is a protected post.<\/p><\/div>\n        <\/div>\n    <\/div><\/div><\/div>\t\t\t\t<\/div>\n\t\t\t\t<\/div>\n\t\t\t\t\t<\/div>\n\t\t\t\t<\/div>\n\t\t\t\t<\/div>","protected":false},"excerpt":{"rendered":"<p>Cuando una persona aprende, una comunidad entera crece CAMPUS Azucarero Generamos oportunidades reales de crecimiento y promover\u00a0 entornos m\u00e1s seguros y productivos. Elige el curso que deseas aprender Educaci\u00f3n con impacto real en comunidades y colaboradores Cursos dise\u00f1ados para fortalecer tu crecimiento personal, social y profesional de una forma accesible y escalable. https:\/\/youtu.be\/1PgPgzrlxHo?si=vzgv_avrCaxbB7sh Construyamos juntos [&hellip;]<\/p>","protected":false},"author":14,"featured_media":0,"parent":0,"menu_order":0,"comment_status":"closed","ping_status":"closed","template":"elementor_header_footer","meta":{"pmpro_default_level":"","footnotes":""},"class_list":["post-209","page","type-page","status-publish","hentry","pmpro-has-access"],"yoast_head":"<!-- This site is optimized with the Yoast SEO plugin v27.4 - https:\/\/yoast.com\/product\/yoast-seo-wordpress\/ -->\n<title>Campus Azucarero - CAMPUS AZUCARERO<\/title>\n<meta name=\"description\" content=\"Una forma f\u00e1cil e innovadora de EDUCACI\u00d3N ONLINE que se adapta a tu tiempo y necesidades con temas \u00daNICOS y ACTUALES. \u00a1Comienza hoy mismo!\" \/>\n<meta name=\"robots\" content=\"index, follow, max-snippet:-1, max-image-preview:large, max-video-preview:-1\" \/>\n<link rel=\"canonical\" href=\"https:\/\/campusazucarero.overgenius.com\/en\/\" \/>\n<meta property=\"og:locale\" content=\"en_US\" \/>\n<meta property=\"og:type\" content=\"article\" \/>\n<meta property=\"og:title\" content=\"Campus Azucarero - CAMPUS AZUCARERO\" \/>\n<meta property=\"og:description\" content=\"Una forma f\u00e1cil e innovadora de EDUCACI\u00d3N ONLINE que se adapta a tu tiempo y necesidades con temas \u00daNICOS y ACTUALES. \u00a1Comienza hoy mismo!\" \/>\n<meta property=\"og:url\" content=\"https:\/\/campusazucarero.overgenius.com\/en\/\" \/>\n<meta property=\"og:site_name\" content=\"CAMPUS AZUCARERO\" \/>\n<meta property=\"article:modified_time\" content=\"2026-04-22T15:58:57+00:00\" \/>\n<meta name=\"twitter:card\" content=\"summary_large_image\" \/>\n<meta name=\"twitter:label1\" content=\"Est. reading time\" \/>\n\t<meta name=\"twitter:data1\" content=\"1 minute\" \/>\n<script type=\"application\/ld+json\" class=\"yoast-schema-graph\">{\"@context\":\"https:\\\/\\\/schema.org\",\"@graph\":[{\"@type\":\"WebPage\",\"@id\":\"https:\\\/\\\/campusazucarero.overgenius.com\\\/\",\"url\":\"https:\\\/\\\/campusazucarero.overgenius.com\\\/\",\"name\":\"Campus Azucarero - CAMPUS AZUCARERO\",\"isPartOf\":{\"@id\":\"https:\\\/\\\/campusazucarero.overgenius.com\\\/#website\"},\"primaryImageOfPage\":{\"@id\":\"https:\\\/\\\/campusazucarero.overgenius.com\\\/#primaryimage\"},\"image\":{\"@id\":\"https:\\\/\\\/campusazucarero.overgenius.com\\\/#primaryimage\"},\"thumbnailUrl\":\"https:\\\/\\\/campusazucarero.overgenius.com\\\/wp-content\\\/uploads\\\/2026\\\/03\\\/no-agresion-sexual.jpg\",\"datePublished\":\"2021-09-16T05:22:39+00:00\",\"dateModified\":\"2026-04-22T15:58:57+00:00\",\"description\":\"Una forma f\u00e1cil e innovadora de EDUCACI\u00d3N ONLINE que se adapta a tu tiempo y necesidades con temas \u00daNICOS y ACTUALES. \u00a1Comienza hoy mismo!\",\"breadcrumb\":{\"@id\":\"https:\\\/\\\/campusazucarero.overgenius.com\\\/#breadcrumb\"},\"inLanguage\":\"en-US\",\"potentialAction\":[{\"@type\":\"ReadAction\",\"target\":[\"https:\\\/\\\/campusazucarero.overgenius.com\\\/\"]}]},{\"@type\":\"ImageObject\",\"inLanguage\":\"en-US\",\"@id\":\"https:\\\/\\\/campusazucarero.overgenius.com\\\/#primaryimage\",\"url\":\"https:\\\/\\\/campusazucarero.overgenius.com\\\/wp-content\\\/uploads\\\/2026\\\/03\\\/no-agresion-sexual.jpg\",\"contentUrl\":\"https:\\\/\\\/campusazucarero.overgenius.com\\\/wp-content\\\/uploads\\\/2026\\\/03\\\/no-agresion-sexual.jpg\"},{\"@type\":\"BreadcrumbList\",\"@id\":\"https:\\\/\\\/campusazucarero.overgenius.com\\\/#breadcrumb\",\"itemListElement\":[{\"@type\":\"ListItem\",\"position\":1,\"name\":\"Portada\",\"item\":\"https:\\\/\\\/campusazucarero.overgenius.com\\\/\"},{\"@type\":\"ListItem\",\"position\":2,\"name\":\"Campus Azucarero\"}]},{\"@type\":\"WebSite\",\"@id\":\"https:\\\/\\\/campusazucarero.overgenius.com\\\/#website\",\"url\":\"https:\\\/\\\/campusazucarero.overgenius.com\\\/\",\"name\":\"OVERGENIUS\",\"description\":\"Formaci\u00f3n y desarrollo para colaboradores del sector agroindustrial\",\"publisher\":{\"@id\":\"https:\\\/\\\/campusazucarero.overgenius.com\\\/#organization\"},\"potentialAction\":[{\"@type\":\"SearchAction\",\"target\":{\"@type\":\"EntryPoint\",\"urlTemplate\":\"https:\\\/\\\/campusazucarero.overgenius.com\\\/?s={search_term_string}\"},\"query-input\":{\"@type\":\"PropertyValueSpecification\",\"valueRequired\":true,\"valueName\":\"search_term_string\"}}],\"inLanguage\":\"en-US\"},{\"@type\":\"Organization\",\"@id\":\"https:\\\/\\\/campusazucarero.overgenius.com\\\/#organization\",\"name\":\"OVERGENIUS\",\"url\":\"https:\\\/\\\/campusazucarero.overgenius.com\\\/\",\"logo\":{\"@type\":\"ImageObject\",\"inLanguage\":\"en-US\",\"@id\":\"https:\\\/\\\/campusazucarero.overgenius.com\\\/#\\\/schema\\\/logo\\\/image\\\/\",\"url\":\"\",\"contentUrl\":\"\",\"caption\":\"OVERGENIUS\"},\"image\":{\"@id\":\"https:\\\/\\\/campusazucarero.overgenius.com\\\/#\\\/schema\\\/logo\\\/image\\\/\"}}]}<\/script>\n<!-- \/ Yoast SEO plugin. -->","yoast_head_json":{"title":"Campus Azucarero - CAMPUS AZUCARERO","description":"Una forma f\u00e1cil e innovadora de EDUCACI\u00d3N ONLINE que se adapta a tu tiempo y necesidades con temas \u00daNICOS y ACTUALES. \u00a1Comienza hoy mismo!","robots":{"index":"index","follow":"follow","max-snippet":"max-snippet:-1","max-image-preview":"max-image-preview:large","max-video-preview":"max-video-preview:-1"},"canonical":"https:\/\/campusazucarero.overgenius.com\/en\/","og_locale":"en_US","og_type":"article","og_title":"Campus Azucarero - CAMPUS AZUCARERO","og_description":"Una forma f\u00e1cil e innovadora de EDUCACI\u00d3N ONLINE que se adapta a tu tiempo y necesidades con temas \u00daNICOS y ACTUALES. \u00a1Comienza hoy mismo!","og_url":"https:\/\/campusazucarero.overgenius.com\/en\/","og_site_name":"CAMPUS AZUCARERO","article_modified_time":"2026-04-22T15:58:57+00:00","twitter_card":"summary_large_image","twitter_misc":{"Est. reading time":"1 minute"},"schema":{"@context":"https:\/\/schema.org","@graph":[{"@type":"WebPage","@id":"https:\/\/campusazucarero.overgenius.com\/","url":"https:\/\/campusazucarero.overgenius.com\/","name":"Campus Azucarero - CAMPUS AZUCARERO","isPartOf":{"@id":"https:\/\/campusazucarero.overgenius.com\/#website"},"primaryImageOfPage":{"@id":"https:\/\/campusazucarero.overgenius.com\/#primaryimage"},"image":{"@id":"https:\/\/campusazucarero.overgenius.com\/#primaryimage"},"thumbnailUrl":"https:\/\/campusazucarero.overgenius.com\/wp-content\/uploads\/2026\/03\/no-agresion-sexual.jpg","datePublished":"2021-09-16T05:22:39+00:00","dateModified":"2026-04-22T15:58:57+00:00","description":"Una forma f\u00e1cil e innovadora de EDUCACI\u00d3N ONLINE que se adapta a tu tiempo y necesidades con temas \u00daNICOS y ACTUALES. \u00a1Comienza hoy mismo!","breadcrumb":{"@id":"https:\/\/campusazucarero.overgenius.com\/#breadcrumb"},"inLanguage":"en-US","potentialAction":[{"@type":"ReadAction","target":["https:\/\/campusazucarero.overgenius.com\/"]}]},{"@type":"ImageObject","inLanguage":"en-US","@id":"https:\/\/campusazucarero.overgenius.com\/#primaryimage","url":"https:\/\/campusazucarero.overgenius.com\/wp-content\/uploads\/2026\/03\/no-agresion-sexual.jpg","contentUrl":"https:\/\/campusazucarero.overgenius.com\/wp-content\/uploads\/2026\/03\/no-agresion-sexual.jpg"},{"@type":"BreadcrumbList","@id":"https:\/\/campusazucarero.overgenius.com\/#breadcrumb","itemListElement":[{"@type":"ListItem","position":1,"name":"Portada","item":"https:\/\/campusazucarero.overgenius.com\/"},{"@type":"ListItem","position":2,"name":"Campus Azucarero"}]},{"@type":"WebSite","@id":"https:\/\/campusazucarero.overgenius.com\/#website","url":"https:\/\/campusazucarero.overgenius.com\/","name":"OVERGENIUS","description":"Formaci\u00f3n y desarrollo para colaboradores del sector agroindustrial","publisher":{"@id":"https:\/\/campusazucarero.overgenius.com\/#organization"},"potentialAction":[{"@type":"SearchAction","target":{"@type":"EntryPoint","urlTemplate":"https:\/\/campusazucarero.overgenius.com\/?s={search_term_string}"},"query-input":{"@type":"PropertyValueSpecification","valueRequired":true,"valueName":"search_term_string"}}],"inLanguage":"en-US"},{"@type":"Organization","@id":"https:\/\/campusazucarero.overgenius.com\/#organization","name":"OVERGENIUS","url":"https:\/\/campusazucarero.overgenius.com\/","logo":{"@type":"ImageObject","inLanguage":"en-US","@id":"https:\/\/campusazucarero.overgenius.com\/#\/schema\/logo\/image\/","url":"","contentUrl":"","caption":"OVERGENIUS"},"image":{"@id":"https:\/\/campusazucarero.overgenius.com\/#\/schema\/logo\/image\/"}}]}},"_links":{"self":[{"href":"https:\/\/campusazucarero.overgenius.com\/en\/wp-json\/wp\/v2\/pages\/209","targetHints":{"allow":["GET"]}}],"collection":[{"href":"https:\/\/campusazucarero.overgenius.com\/en\/wp-json\/wp\/v2\/pages"}],"about":[{"href":"https:\/\/campusazucarero.overgenius.com\/en\/wp-json\/wp\/v2\/types\/page"}],"author":[{"embeddable":true,"href":"https:\/\/campusazucarero.overgenius.com\/en\/wp-json\/wp\/v2\/users\/14"}],"replies":[{"embeddable":true,"href":"https:\/\/campusazucarero.overgenius.com\/en\/wp-json\/wp\/v2\/comments?post=209"}],"version-history":[{"count":914,"href":"https:\/\/campusazucarero.overgenius.com\/en\/wp-json\/wp\/v2\/pages\/209\/revisions"}],"predecessor-version":[{"id":15384,"href":"https:\/\/campusazucarero.overgenius.com\/en\/wp-json\/wp\/v2\/pages\/209\/revisions\/15384"}],"wp:attachment":[{"href":"https:\/\/campusazucarero.overgenius.com\/en\/wp-json\/wp\/v2\/media?parent=209"}],"curies":[{"name":"wp","href":"https:\/\/api.w.org\/{rel}","templated":true}]}}